{"id":5748,"date":"2024-03-25T14:17:39","date_gmt":"2024-03-25T18:17:39","guid":{"rendered":"https:\/\/cpas.scfp.qc.ca\/?page_id=5748"},"modified":"2024-07-09T14:47:05","modified_gmt":"2024-07-09T18:47:05","slug":"section-locale-4628","status":"publish","type":"page","link":"https:\/\/cpas.scfp.qc.ca\/?page_id=5748","title":{"rendered":"Section locale 4628"},"content":{"rendered":"\t\t<div data-elementor-type=\"wp-page\" data-elementor-id=\"5748\" class=\"elementor elementor-5748\" data-elementor-settings=\"{&quot;ha_cmc_init_switcher&quot;:&quot;no&quot;}\" data-elementor-post-type=\"page\">\n\t\t\t\t<div class=\"elementor-element elementor-element-40c6c0a e-flex e-con-boxed wpr-particle-no wpr-jarallax-no wpr-parallax-no wpr-sticky-section-no e-con e-parent\" data-id=\"40c6c0a\" data-element_type=\"container\" data-e-type=\"container\" data-settings=\"{&quot;_ha_eqh_enable&quot;:false}\">\n\t\t\t\t\t<div class=\"e-con-inner\">\n\t\t\t\t<div class=\"elementor-element elementor-element-646821d elementor-widget elementor-widget-ha-pdf-view happy-addon ha-pdf-view\" data-id=\"646821d\" data-element_type=\"widget\" data-e-type=\"widget\" data-widget_type=\"ha-pdf-view.default\">\n\t\t\t\t<div class=\"elementor-widget-container\">\n\t\t\t\t\t        <div class=\"pdf_viewer_container\">\n            <div class=\"pdf_viewer_options viewer-646821d\" data-pdf-settings=\"{&quot;unique_id&quot;:&quot;viewer-646821d&quot;,&quot;pdf_url&quot;:&quot;https:\\\/\\\/cpas.scfp.qc.ca\\\/wp-content\\\/uploads\\\/2024\\\/03\\\/SCFP-4628-Accomodement-lors-daccusation-criminelle-Rejete.pdf&quot;,&quot;file_type&quot;:&quot;upload_file&quot;,&quot;page_number&quot;:&quot;1&quot;,&quot;width&quot;:&quot;100%&quot;,&quot;height&quot;:&quot;600px&quot;}\">\n\t\t\t\t<span class=\"ha-title-flex\">\n\t\t\t\t\t<span class=\"pdf-icon\">\n\t\t\t\t\t\t\t\t\t\t\t<\/span>\n\t\t\t\t\t<h2 class=\"ha-pdf-title\">SCFP 4628 - Accomodement lors d&#039;accusation criminelle - Rejet\u00e9<\/h2>\t\t\t\t<\/span>\n\t\t\t\t                <div class=\"pdf-button\">\n                <a href=\"https:\/\/cpas.scfp.qc.ca\/wp-content\/uploads\/2024\/03\/SCFP-4628-Accomodement-lors-daccusation-criminelle-Rejete.pdf\" class=\"ha-btn\" download title=\"SCFP 4628 - Accomodement lors d&#039;accusation criminelle - Rejet\u00e9\">Download<\/a>                <\/div>\n            <\/div>\n\n\t\t\t<div>\n\t\t\t\t<div id=\"viewer-646821d\"><\/div>\n\t\t\t<\/div>\n\n        <\/div>\n        \t\t\t\t<\/div>\n\t\t\t\t<\/div>\n\t\t\t\t\t<\/div>\n\t\t\t\t<\/div>\n\t\t<div class=\"elementor-element elementor-element-0536475 e-flex e-con-boxed wpr-particle-no wpr-jarallax-no wpr-parallax-no wpr-sticky-section-no e-con e-parent\" data-id=\"0536475\" data-element_type=\"container\" data-e-type=\"container\" data-settings=\"{&quot;_ha_eqh_enable&quot;:false}\">\n\t\t\t\t\t<div class=\"e-con-inner\">\n\t\t\t\t<div class=\"elementor-element elementor-element-ee24316 elementor-widget elementor-widget-ha-pdf-view happy-addon ha-pdf-view\" data-id=\"ee24316\" data-element_type=\"widget\" data-e-type=\"widget\" data-widget_type=\"ha-pdf-view.default\">\n\t\t\t\t<div class=\"elementor-widget-container\">\n\t\t\t\t\t        <div class=\"pdf_viewer_container\">\n            <div class=\"pdf_viewer_options viewer-ee24316\" data-pdf-settings=\"{&quot;unique_id&quot;:&quot;viewer-ee24316&quot;,&quot;pdf_url&quot;:&quot;https:\\\/\\\/cpas.scfp.qc.ca\\\/wp-content\\\/uploads\\\/2024\\\/03\\\/SCFP-4628-Delai-dexpertise-assurance-salaire-Accueillie-en-partie.pdf&quot;,&quot;file_type&quot;:&quot;upload_file&quot;,&quot;page_number&quot;:&quot;1&quot;,&quot;width&quot;:&quot;100%&quot;,&quot;height&quot;:&quot;600px&quot;}\">\n\t\t\t\t<span class=\"ha-title-flex\">\n\t\t\t\t\t<span class=\"pdf-icon\">\n\t\t\t\t\t\t\t\t\t\t\t<\/span>\n\t\t\t\t\t<h2 class=\"ha-pdf-title\">SCFP 4628 - D\u00e9lai d&#039;expertise assurance salaire - Accueillie en partie<\/h2>\t\t\t\t<\/span>\n\t\t\t\t                <div class=\"pdf-button\">\n                <a href=\"https:\/\/cpas.scfp.qc.ca\/wp-content\/uploads\/2024\/03\/SCFP-4628-Delai-dexpertise-assurance-salaire-Accueillie-en-partie.pdf\" class=\"ha-btn\" download title=\"SCFP 4628 - D\u00e9lai d&#039;expertise assurance salaire - Accueillie en partie\">Download<\/a>                <\/div>\n            <\/div>\n\n\t\t\t<div>\n\t\t\t\t<div id=\"viewer-ee24316\"><\/div>\n\t\t\t<\/div>\n\n        <\/div>\n        \t\t\t\t<\/div>\n\t\t\t\t<\/div>\n\t\t\t\t\t<\/div>\n\t\t\t\t<\/div>\n\t\t<div class=\"elementor-element elementor-element-3aed4e8 e-flex e-con-boxed wpr-particle-no wpr-jarallax-no wpr-parallax-no wpr-sticky-section-no e-con e-parent\" data-id=\"3aed4e8\" data-element_type=\"container\" data-e-type=\"container\" data-settings=\"{&quot;_ha_eqh_enable&quot;:false}\">\n\t\t\t\t\t<div class=\"e-con-inner\">\n\t\t\t\t<div class=\"elementor-element elementor-element-4fb700d elementor-widget elementor-widget-ha-pdf-view happy-addon ha-pdf-view\" data-id=\"4fb700d\" data-element_type=\"widget\" data-e-type=\"widget\" data-widget_type=\"ha-pdf-view.default\">\n\t\t\t\t<div class=\"elementor-widget-container\">\n\t\t\t\t\t        <div class=\"pdf_viewer_container\">\n            <div class=\"pdf_viewer_options viewer-4fb700d\" data-pdf-settings=\"{&quot;unique_id&quot;:&quot;viewer-4fb700d&quot;,&quot;pdf_url&quot;:&quot;https:\\\/\\\/cpas.scfp.qc.ca\\\/wp-content\\\/uploads\\\/2024\\\/03\\\/SCFP-4628-Exigence-dexperience-pour-un-poste-SPA-Rejete.pdf&quot;,&quot;file_type&quot;:&quot;upload_file&quot;,&quot;page_number&quot;:&quot;1&quot;,&quot;width&quot;:&quot;100%&quot;,&quot;height&quot;:&quot;600px&quot;}\">\n\t\t\t\t<span class=\"ha-title-flex\">\n\t\t\t\t\t<span class=\"pdf-icon\">\n\t\t\t\t\t\t\t\t\t\t\t<\/span>\n\t\t\t\t\t<h2 class=\"ha-pdf-title\">SCFP 4628 - Exigence d&#039;exp\u00e9rience pour un poste (SPA) - Rejet\u00e9<\/h2>\t\t\t\t<\/span>\n\t\t\t\t                <div class=\"pdf-button\">\n                <a href=\"https:\/\/cpas.scfp.qc.ca\/wp-content\/uploads\/2024\/03\/SCFP-4628-Exigence-dexperience-pour-un-poste-SPA-Rejete.pdf\" class=\"ha-btn\" download title=\"SCFP 4628 - Exigence d&#039;exp\u00e9rience pour un poste (SPA) - Rejet\u00e9\">Download<\/a>                <\/div>\n            <\/div>\n\n\t\t\t<div>\n\t\t\t\t<div id=\"viewer-4fb700d\"><\/div>\n\t\t\t<\/div>\n\n        <\/div>\n        \t\t\t\t<\/div>\n\t\t\t\t<\/div>\n\t\t\t\t\t<\/div>\n\t\t\t\t<\/div>\n\t\t<div class=\"elementor-element elementor-element-92e9e21 e-flex e-con-boxed wpr-particle-no wpr-jarallax-no wpr-parallax-no wpr-sticky-section-no e-con e-parent\" data-id=\"92e9e21\" data-element_type=\"container\" data-e-type=\"container\" data-settings=\"{&quot;_ha_eqh_enable&quot;:false}\">\n\t\t\t\t\t<div class=\"e-con-inner\">\n\t\t\t\t<div class=\"elementor-element elementor-element-e7a8e37 elementor-widget elementor-widget-ha-pdf-view happy-addon ha-pdf-view\" data-id=\"e7a8e37\" data-element_type=\"widget\" data-e-type=\"widget\" data-widget_type=\"ha-pdf-view.default\">\n\t\t\t\t<div class=\"elementor-widget-container\">\n\t\t\t\t\t        <div class=\"pdf_viewer_container\">\n            <div class=\"pdf_viewer_options viewer-e7a8e37\" data-pdf-settings=\"{&quot;unique_id&quot;:&quot;viewer-e7a8e37&quot;,&quot;pdf_url&quot;:&quot;https:\\\/\\\/cpas.scfp.qc.ca\\\/wp-content\\\/uploads\\\/2024\\\/03\\\/SCFP-4628-Obligation-daccomodement-invalidite-Accueilli.pdf&quot;,&quot;file_type&quot;:&quot;upload_file&quot;,&quot;page_number&quot;:&quot;1&quot;,&quot;width&quot;:&quot;100%&quot;,&quot;height&quot;:&quot;600px&quot;}\">\n\t\t\t\t<span class=\"ha-title-flex\">\n\t\t\t\t\t<span class=\"pdf-icon\">\n\t\t\t\t\t\t\t\t\t\t\t<\/span>\n\t\t\t\t\t<h2 class=\"ha-pdf-title\">SCFP 4628 - Obligation d&#039;accomodement invalidit\u00e9 - Accueilli<\/h2>\t\t\t\t<\/span>\n\t\t\t\t                <div class=\"pdf-button\">\n                <a href=\"https:\/\/cpas.scfp.qc.ca\/wp-content\/uploads\/2024\/03\/SCFP-4628-Obligation-daccomodement-invalidite-Accueilli.pdf\" class=\"ha-btn\" download title=\"SCFP 4628 - Obligation d&#039;accomodement invalidit\u00e9 - Accueilli\">Download<\/a>                <\/div>\n            <\/div>\n\n\t\t\t<div>\n\t\t\t\t<div id=\"viewer-e7a8e37\"><\/div>\n\t\t\t<\/div>\n\n        <\/div>\n        \t\t\t\t<\/div>\n\t\t\t\t<\/div>\n\t\t\t\t\t<\/div>\n\t\t\t\t<\/div>\n\t\t<div class=\"elementor-element elementor-element-391afd1 e-flex e-con-boxed wpr-particle-no wpr-jarallax-no wpr-parallax-no wpr-sticky-section-no e-con e-parent\" data-id=\"391afd1\" data-element_type=\"container\" data-e-type=\"container\" data-settings=\"{&quot;_ha_eqh_enable&quot;:false}\">\n\t\t\t\t\t<div class=\"e-con-inner\">\n\t\t\t\t<div class=\"elementor-element elementor-element-d4f8462 elementor-widget elementor-widget-ha-pdf-view happy-addon ha-pdf-view\" data-id=\"d4f8462\" data-element_type=\"widget\" data-e-type=\"widget\" data-widget_type=\"ha-pdf-view.default\">\n\t\t\t\t<div class=\"elementor-widget-container\">\n\t\t\t\t\t        <div class=\"pdf_viewer_container\">\n            <div class=\"pdf_viewer_options viewer-d4f8462\" data-pdf-settings=\"{&quot;unique_id&quot;:&quot;viewer-d4f8462&quot;,&quot;pdf_url&quot;:&quot;https:\\\/\\\/cpas.scfp.qc.ca\\\/wp-content\\\/uploads\\\/2024\\\/03\\\/SCFP-4628-Paiement-remuneration-additionnelle-0.33-sur-les-jours-maladie-Acceuilli.pdf&quot;,&quot;file_type&quot;:&quot;upload_file&quot;,&quot;page_number&quot;:&quot;1&quot;,&quot;width&quot;:&quot;100%&quot;,&quot;height&quot;:&quot;600px&quot;}\">\n\t\t\t\t<span class=\"ha-title-flex\">\n\t\t\t\t\t<span class=\"pdf-icon\">\n\t\t\t\t\t\t\t\t\t\t\t<\/span>\n\t\t\t\t\t<h2 class=\"ha-pdf-title\">SCFP 4628 - Paiement r\u00e9mun\u00e9ration additionnelle (0.33$) sur les jours maladie - Accueilli<\/h2>\t\t\t\t<\/span>\n\t\t\t\t                <div class=\"pdf-button\">\n                <a href=\"https:\/\/cpas.scfp.qc.ca\/wp-content\/uploads\/2024\/03\/SCFP-4628-Paiement-remuneration-additionnelle-0.33-sur-les-jours-maladie-Acceuilli.pdf\" class=\"ha-btn\" download title=\"SCFP 4628 - Paiement r\u00e9mun\u00e9ration additionnelle (0.33$) sur les jours maladie - Accueilli\">Download<\/a>                <\/div>\n            <\/div>\n\n\t\t\t<div>\n\t\t\t\t<div id=\"viewer-d4f8462\"><\/div>\n\t\t\t<\/div>\n\n        <\/div>\n        \t\t\t\t<\/div>\n\t\t\t\t<\/div>\n\t\t\t\t\t<\/div>\n\t\t\t\t<\/div>\n\t\t<div class=\"elementor-element elementor-element-cbcd779 e-flex e-con-boxed wpr-particle-no wpr-jarallax-no wpr-parallax-no wpr-sticky-section-no e-con e-parent\" data-id=\"cbcd779\" data-element_type=\"container\" data-e-type=\"container\" data-settings=\"{&quot;_ha_eqh_enable&quot;:false}\">\n\t\t\t\t\t<div class=\"e-con-inner\">\n\t\t\t\t<div class=\"elementor-element elementor-element-be93880 elementor-widget elementor-widget-ha-pdf-view happy-addon ha-pdf-view\" data-id=\"be93880\" data-element_type=\"widget\" data-e-type=\"widget\" data-widget_type=\"ha-pdf-view.default\">\n\t\t\t\t<div class=\"elementor-widget-container\">\n\t\t\t\t\t        <div class=\"pdf_viewer_container\">\n            <div class=\"pdf_viewer_options viewer-be93880\" data-pdf-settings=\"{&quot;unique_id&quot;:&quot;viewer-be93880&quot;,&quot;pdf_url&quot;:&quot;https:\\\/\\\/cpas.scfp.qc.ca\\\/wp-content\\\/uploads\\\/2024\\\/03\\\/SCFP-4628-Prime-de-psychiatrie-rejete-et-Droit-de-recuperation-salariale-Accueillie.pdf&quot;,&quot;file_type&quot;:&quot;upload_file&quot;,&quot;page_number&quot;:&quot;1&quot;,&quot;width&quot;:&quot;100%&quot;,&quot;height&quot;:&quot;600px&quot;}\">\n\t\t\t\t<span class=\"ha-title-flex\">\n\t\t\t\t\t<span class=\"pdf-icon\">\n\t\t\t\t\t\t\t\t\t\t\t<\/span>\n\t\t\t\t\t<h2 class=\"ha-pdf-title\">SCFP 4628 - Prime de psychiatrie (rejet\u00e9) et Droit de r\u00e9cup\u00e9ration salariale (Accueillie)<\/h2>\t\t\t\t<\/span>\n\t\t\t\t                <div class=\"pdf-button\">\n                <a href=\"https:\/\/cpas.scfp.qc.ca\/wp-content\/uploads\/2024\/03\/SCFP-4628-Prime-de-psychiatrie-rejete-et-Droit-de-recuperation-salariale-Accueillie.pdf\" class=\"ha-btn\" download title=\"SCFP 4628 - Prime de psychiatrie (rejet\u00e9) et Droit de r\u00e9cup\u00e9ration salariale (Accueillie)\">Download<\/a>                <\/div>\n            <\/div>\n\n\t\t\t<div>\n\t\t\t\t<div id=\"viewer-be93880\"><\/div>\n\t\t\t<\/div>\n\n        <\/div>\n        \t\t\t\t<\/div>\n\t\t\t\t<\/div>\n\t\t\t\t\t<\/div>\n\t\t\t\t<\/div>\n\t\t<div class=\"elementor-element elementor-element-1f8be57 e-flex e-con-boxed wpr-particle-no wpr-jarallax-no wpr-parallax-no wpr-sticky-section-no e-con e-parent\" data-id=\"1f8be57\" data-element_type=\"container\" data-e-type=\"container\" data-settings=\"{&quot;_ha_eqh_enable&quot;:false}\">\n\t\t\t\t\t<div class=\"e-con-inner\">\n\t\t\t\t<div class=\"elementor-element elementor-element-1d2010a elementor-widget elementor-widget-ha-pdf-view happy-addon ha-pdf-view\" data-id=\"1d2010a\" data-element_type=\"widget\" data-e-type=\"widget\" data-widget_type=\"ha-pdf-view.default\">\n\t\t\t\t<div class=\"elementor-widget-container\">\n\t\t\t\t\t        <div class=\"pdf_viewer_container\">\n            <div class=\"pdf_viewer_options viewer-1d2010a\" data-pdf-settings=\"{&quot;unique_id&quot;:&quot;viewer-1d2010a&quot;,&quot;pdf_url&quot;:&quot;https:\\\/\\\/cpas.scfp.qc.ca\\\/wp-content\\\/uploads\\\/2024\\\/03\\\/SCFP-4628-Reconnaissance-dexperience-suite-a-la-relativite-Rejete.pdf&quot;,&quot;file_type&quot;:&quot;upload_file&quot;,&quot;page_number&quot;:&quot;1&quot;,&quot;width&quot;:&quot;100%&quot;,&quot;height&quot;:&quot;600px&quot;}\">\n\t\t\t\t<span class=\"ha-title-flex\">\n\t\t\t\t\t<span class=\"pdf-icon\">\n\t\t\t\t\t\t\t\t\t\t\t<\/span>\n\t\t\t\t\t<h2 class=\"ha-pdf-title\">SCFP 4628 - Reconnaissance d&#039;exp\u00e9rience suite \u00e0 la relativit\u00e9 - Rejet\u00e9<\/h2>\t\t\t\t<\/span>\n\t\t\t\t                <div class=\"pdf-button\">\n                <a href=\"https:\/\/cpas.scfp.qc.ca\/wp-content\/uploads\/2024\/03\/SCFP-4628-Reconnaissance-dexperience-suite-a-la-relativite-Rejete.pdf\" class=\"ha-btn\" download title=\"SCFP 4628 - Reconnaissance d&#039;exp\u00e9rience suite \u00e0 la relativit\u00e9 - Rejet\u00e9\">Download<\/a>                <\/div>\n            <\/div>\n\n\t\t\t<div>\n\t\t\t\t<div id=\"viewer-1d2010a\"><\/div>\n\t\t\t<\/div>\n\n        <\/div>\n        \t\t\t\t<\/div>\n\t\t\t\t<\/div>\n\t\t\t\t\t<\/div>\n\t\t\t\t<\/div>\n\t\t\t\t<\/div>\n\t\t","protected":false},"excerpt":{"rendered":"<p>SCFP 4628 &#8211; Accomodement lors d&#039;accusation criminelle &#8211; Rejet\u00e9 Download SCFP 4628 &#8211; D\u00e9lai d&#039;expertise assurance salaire &#8211; Accueillie en partie Download SCFP 4628 &#8211; Exigence d&#039;exp\u00e9rience pour un poste (SPA) &#8211; Rejet\u00e9 Download SCFP 4628 &#8211; Obligation d&#039;accomodement invalidit\u00e9 &#8211; Accueilli Download SCFP 4628 &#8211; Paiement r\u00e9mun\u00e9ration additionnelle (0.33$) sur les jours maladie &#8211; Accueilli Download SCFP 4628 &#8211; Prime de psychiatrie (rejet\u00e9) et Droit de r\u00e9cup\u00e9ration salariale (Accueillie) Download SCFP 4628 &#8211; Reconnaissance d&#039;exp\u00e9rience suite \u00e0 la relativit\u00e9 &#8211; Rejet\u00e9 Download<\/p>\n","protected":false},"author":1,"featured_media":0,"parent":0,"menu_order":0,"comment_status":"closed","ping_status":"closed","template":"","meta":{"_eb_attr":"","footnotes":""},"class_list":["post-5748","page","type-page","status-publish","hentry"],"yoast_head":"<!-- This site is optimized with the Yoast SEO Premium plugin v27.3 (Yoast SEO v27.3) - https:\/\/yoast.com\/product\/yoast-seo-premium-wordpress\/ -->\n<title>Section locale 4628 - Conseil provincial des affaires sociales<\/title>\n<meta name=\"robots\" content=\"index, follow, max-snippet:-1, max-image-preview:large, max-video-preview:-1\" \/>\n<link rel=\"canonical\" href=\"https:\/\/cpas.scfp.qc.ca\/?page_id=5748\" \/>\n<meta property=\"og:locale\" content=\"fr_FR\" \/>\n<meta property=\"og:type\" content=\"article\" \/>\n<meta property=\"og:title\" content=\"Section locale 4628\" \/>\n<meta property=\"og:description\" content=\"SCFP 4628 &#8211; Accomodement lors d&#039;accusation criminelle &#8211; Rejet\u00e9 Download SCFP 4628 &#8211; D\u00e9lai d&#039;expertise assurance salaire &#8211; Accueillie en partie Download SCFP 4628 &#8211; Exigence d&#039;exp\u00e9rience pour un poste (SPA) &#8211; Rejet\u00e9 Download SCFP 4628 &#8211; Obligation d&#039;accomodement invalidit\u00e9 &#8211; Accueilli Download SCFP 4628 &#8211; Paiement r\u00e9mun\u00e9ration additionnelle (0.33$) sur les jours maladie &#8211; Accueilli Download SCFP 4628 &#8211; Prime de psychiatrie (rejet\u00e9) et Droit de r\u00e9cup\u00e9ration salariale (Accueillie) Download SCFP 4628 &#8211; Reconnaissance d&#039;exp\u00e9rience suite \u00e0 la relativit\u00e9 &#8211; Rejet\u00e9 Download\" \/>\n<meta property=\"og:url\" content=\"https:\/\/cpas.scfp.qc.ca\/?page_id=5748\" \/>\n<meta property=\"og:site_name\" content=\"Conseil provincial des affaires sociales\" \/>\n<meta property=\"article:publisher\" content=\"https:\/\/www.facebook.com\/cpas.scfp\" \/>\n<meta property=\"article:modified_time\" content=\"2024-07-09T18:47:05+00:00\" \/>\n<meta name=\"twitter:card\" content=\"summary_large_image\" \/>\n<meta name=\"twitter:site\" content=\"@RechercheCPAS\" \/>\n<meta name=\"twitter:label1\" content=\"Dur\u00e9e de lecture estim\u00e9e\" \/>\n\t<meta name=\"twitter:data1\" content=\"1 minute\" \/>\n<script type=\"application\/ld+json\" class=\"yoast-schema-graph\">{\"@context\":\"https:\\\/\\\/schema.org\",\"@graph\":[{\"@type\":\"WebPage\",\"@id\":\"https:\\\/\\\/cpas.scfp.qc.ca\\\/?page_id=5748\",\"url\":\"https:\\\/\\\/cpas.scfp.qc.ca\\\/?page_id=5748\",\"name\":\"Section locale 4628 - Conseil provincial des affaires sociales\",\"isPartOf\":{\"@id\":\"https:\\\/\\\/cpas.scfp.qc.ca\\\/#website\"},\"datePublished\":\"2024-03-25T18:17:39+00:00\",\"dateModified\":\"2024-07-09T18:47:05+00:00\",\"breadcrumb\":{\"@id\":\"https:\\\/\\\/cpas.scfp.qc.ca\\\/?page_id=5748#breadcrumb\"},\"inLanguage\":\"fr-FR\",\"potentialAction\":[{\"@type\":\"ReadAction\",\"target\":[\"https:\\\/\\\/cpas.scfp.qc.ca\\\/?page_id=5748\"]}]},{\"@type\":\"BreadcrumbList\",\"@id\":\"https:\\\/\\\/cpas.scfp.qc.ca\\\/?page_id=5748#breadcrumb\",\"itemListElement\":[{\"@type\":\"ListItem\",\"position\":1,\"name\":\"Accueil\",\"item\":\"https:\\\/\\\/cpas.scfp.qc.ca\\\/\"},{\"@type\":\"ListItem\",\"position\":2,\"name\":\"Section locale 4628\"}]},{\"@type\":\"WebSite\",\"@id\":\"https:\\\/\\\/cpas.scfp.qc.ca\\\/#website\",\"url\":\"https:\\\/\\\/cpas.scfp.qc.ca\\\/\",\"name\":\"Conseil provincial des affaires sociales\",\"description\":\"Du m\u00e9tier et du c\u0153ur\",\"publisher\":{\"@id\":\"https:\\\/\\\/cpas.scfp.qc.ca\\\/#organization\"},\"alternateName\":\"CPAS\",\"potentialAction\":[{\"@type\":\"SearchAction\",\"target\":{\"@type\":\"EntryPoint\",\"urlTemplate\":\"https:\\\/\\\/cpas.scfp.qc.ca\\\/?s={search_term_string}\"},\"query-input\":{\"@type\":\"PropertyValueSpecification\",\"valueRequired\":true,\"valueName\":\"search_term_string\"}}],\"inLanguage\":\"fr-FR\"},{\"@type\":\"Organization\",\"@id\":\"https:\\\/\\\/cpas.scfp.qc.ca\\\/#organization\",\"name\":\"Conseil provincial des affaires sociales\",\"alternateName\":\"CPAS\",\"url\":\"https:\\\/\\\/cpas.scfp.qc.ca\\\/\",\"logo\":{\"@type\":\"ImageObject\",\"inLanguage\":\"fr-FR\",\"@id\":\"https:\\\/\\\/cpas.scfp.qc.ca\\\/#\\\/schema\\\/logo\\\/image\\\/\",\"url\":\"https:\\\/\\\/cpas.scfp.qc.ca\\\/wp-content\\\/uploads\\\/2023\\\/12\\\/logo_cpas_horizontalsignature_rgb.png\",\"contentUrl\":\"https:\\\/\\\/cpas.scfp.qc.ca\\\/wp-content\\\/uploads\\\/2023\\\/12\\\/logo_cpas_horizontalsignature_rgb.png\",\"width\":1980,\"height\":1980,\"caption\":\"Conseil provincial des affaires sociales\"},\"image\":{\"@id\":\"https:\\\/\\\/cpas.scfp.qc.ca\\\/#\\\/schema\\\/logo\\\/image\\\/\"},\"sameAs\":[\"https:\\\/\\\/www.facebook.com\\\/cpas.scfp\",\"https:\\\/\\\/x.com\\\/RechercheCPAS\",\"https:\\\/\\\/www.instagram.com\\\/cpas_scfp\\\/\",\"https:\\\/\\\/www.linkedin.com\\\/company\\\/100101794\\\/admin\\\/feed\\\/posts\\\/\",\"https:\\\/\\\/www.threads.com\\\/@cpas_scfp\",\"https:\\\/\\\/bsky.app\\\/profile\\\/cpas-scfp.bsky.social\",\"https:\\\/\\\/www.tiktok.com\\\/@cpasscfp\"],\"description\":\"Le Conseil provincial des affaires sociales (CPAS) rassemble plus de 35 000 travailleuses et travailleurs du secteur de la sant\u00e9 et des services sociaux syndiqu\u00e9s aupr\u00e8s du Syndicat canadien de la fonction publique (SCFP).\",\"email\":\"info@scfpcpas.ca\",\"telephone\":\"4384766448\",\"legalName\":\"Conseil provincial des affaires sociales\"}]}<\/script>\n<!-- \/ Yoast SEO Premium plugin. -->","yoast_head_json":{"title":"Section locale 4628 - Conseil provincial des affaires sociales","robots":{"index":"index","follow":"follow","max-snippet":"max-snippet:-1","max-image-preview":"max-image-preview:large","max-video-preview":"max-video-preview:-1"},"canonical":"https:\/\/cpas.scfp.qc.ca\/?page_id=5748","og_locale":"fr_FR","og_type":"article","og_title":"Section locale 4628","og_description":"SCFP 4628 &#8211; Accomodement lors d&#039;accusation criminelle &#8211; Rejet\u00e9 Download SCFP 4628 &#8211; D\u00e9lai d&#039;expertise assurance salaire &#8211; Accueillie en partie Download SCFP 4628 &#8211; Exigence d&#039;exp\u00e9rience pour un poste (SPA) &#8211; Rejet\u00e9 Download SCFP 4628 &#8211; Obligation d&#039;accomodement invalidit\u00e9 &#8211; Accueilli Download SCFP 4628 &#8211; Paiement r\u00e9mun\u00e9ration additionnelle (0.33$) sur les jours maladie &#8211; Accueilli Download SCFP 4628 &#8211; Prime de psychiatrie (rejet\u00e9) et Droit de r\u00e9cup\u00e9ration salariale (Accueillie) Download SCFP 4628 &#8211; Reconnaissance d&#039;exp\u00e9rience suite \u00e0 la relativit\u00e9 &#8211; Rejet\u00e9 Download","og_url":"https:\/\/cpas.scfp.qc.ca\/?page_id=5748","og_site_name":"Conseil provincial des affaires sociales","article_publisher":"https:\/\/www.facebook.com\/cpas.scfp","article_modified_time":"2024-07-09T18:47:05+00:00","twitter_card":"summary_large_image","twitter_site":"@RechercheCPAS","twitter_misc":{"Dur\u00e9e de lecture estim\u00e9e":"1 minute"},"schema":{"@context":"https:\/\/schema.org","@graph":[{"@type":"WebPage","@id":"https:\/\/cpas.scfp.qc.ca\/?page_id=5748","url":"https:\/\/cpas.scfp.qc.ca\/?page_id=5748","name":"Section locale 4628 - Conseil provincial des affaires sociales","isPartOf":{"@id":"https:\/\/cpas.scfp.qc.ca\/#website"},"datePublished":"2024-03-25T18:17:39+00:00","dateModified":"2024-07-09T18:47:05+00:00","breadcrumb":{"@id":"https:\/\/cpas.scfp.qc.ca\/?page_id=5748#breadcrumb"},"inLanguage":"fr-FR","potentialAction":[{"@type":"ReadAction","target":["https:\/\/cpas.scfp.qc.ca\/?page_id=5748"]}]},{"@type":"BreadcrumbList","@id":"https:\/\/cpas.scfp.qc.ca\/?page_id=5748#breadcrumb","itemListElement":[{"@type":"ListItem","position":1,"name":"Accueil","item":"https:\/\/cpas.scfp.qc.ca\/"},{"@type":"ListItem","position":2,"name":"Section locale 4628"}]},{"@type":"WebSite","@id":"https:\/\/cpas.scfp.qc.ca\/#website","url":"https:\/\/cpas.scfp.qc.ca\/","name":"Conseil provincial des affaires sociales","description":"Du m\u00e9tier et du c\u0153ur","publisher":{"@id":"https:\/\/cpas.scfp.qc.ca\/#organization"},"alternateName":"CPAS","potentialAction":[{"@type":"SearchAction","target":{"@type":"EntryPoint","urlTemplate":"https:\/\/cpas.scfp.qc.ca\/?s={search_term_string}"},"query-input":{"@type":"PropertyValueSpecification","valueRequired":true,"valueName":"search_term_string"}}],"inLanguage":"fr-FR"},{"@type":"Organization","@id":"https:\/\/cpas.scfp.qc.ca\/#organization","name":"Conseil provincial des affaires sociales","alternateName":"CPAS","url":"https:\/\/cpas.scfp.qc.ca\/","logo":{"@type":"ImageObject","inLanguage":"fr-FR","@id":"https:\/\/cpas.scfp.qc.ca\/#\/schema\/logo\/image\/","url":"https:\/\/cpas.scfp.qc.ca\/wp-content\/uploads\/2023\/12\/logo_cpas_horizontalsignature_rgb.png","contentUrl":"https:\/\/cpas.scfp.qc.ca\/wp-content\/uploads\/2023\/12\/logo_cpas_horizontalsignature_rgb.png","width":1980,"height":1980,"caption":"Conseil provincial des affaires sociales"},"image":{"@id":"https:\/\/cpas.scfp.qc.ca\/#\/schema\/logo\/image\/"},"sameAs":["https:\/\/www.facebook.com\/cpas.scfp","https:\/\/x.com\/RechercheCPAS","https:\/\/www.instagram.com\/cpas_scfp\/","https:\/\/www.linkedin.com\/company\/100101794\/admin\/feed\/posts\/","https:\/\/www.threads.com\/@cpas_scfp","https:\/\/bsky.app\/profile\/cpas-scfp.bsky.social","https:\/\/www.tiktok.com\/@cpasscfp"],"description":"Le Conseil provincial des affaires sociales (CPAS) rassemble plus de 35 000 travailleuses et travailleurs du secteur de la sant\u00e9 et des services sociaux syndiqu\u00e9s aupr\u00e8s du Syndicat canadien de la fonction publique (SCFP).","email":"info@scfpcpas.ca","telephone":"4384766448","legalName":"Conseil provincial des affaires sociales"}]}},"jetpack_sharing_enabled":true,"_links":{"self":[{"href":"https:\/\/cpas.scfp.qc.ca\/index.php?rest_route=\/wp\/v2\/pages\/5748","targetHints":{"allow":["GET"]}}],"collection":[{"href":"https:\/\/cpas.scfp.qc.ca\/index.php?rest_route=\/wp\/v2\/pages"}],"about":[{"href":"https:\/\/cpas.scfp.qc.ca\/index.php?rest_route=\/wp\/v2\/types\/page"}],"author":[{"embeddable":true,"href":"https:\/\/cpas.scfp.qc.ca\/index.php?rest_route=\/wp\/v2\/users\/1"}],"replies":[{"embeddable":true,"href":"https:\/\/cpas.scfp.qc.ca\/index.php?rest_route=%2Fwp%2Fv2%2Fcomments&post=5748"}],"version-history":[{"count":13,"href":"https:\/\/cpas.scfp.qc.ca\/index.php?rest_route=\/wp\/v2\/pages\/5748\/revisions"}],"predecessor-version":[{"id":6000,"href":"https:\/\/cpas.scfp.qc.ca\/index.php?rest_route=\/wp\/v2\/pages\/5748\/revisions\/6000"}],"wp:attachment":[{"href":"https:\/\/cpas.scfp.qc.ca\/index.php?rest_route=%2Fwp%2Fv2%2Fmedia&parent=5748"}],"curies":[{"name":"wp","href":"https:\/\/api.w.org\/{rel}","templated":true}]}}