{"id":5321,"date":"2024-01-25T15:49:38","date_gmt":"2024-01-25T20:49:38","guid":{"rendered":"https:\/\/cpas.scfp.qc.ca\/?page_id=5321"},"modified":"2025-10-16T16:42:52","modified_gmt":"2025-10-16T20:42:52","slug":"comite-nomenclature-des-titres-demplois","status":"publish","type":"page","link":"https:\/\/cpas.scfp.qc.ca\/?page_id=5321","title":{"rendered":"Comit\u00e9 nomenclature des titres d&#8217;emplois"},"content":{"rendered":"\t\t<div data-elementor-type=\"wp-page\" data-elementor-id=\"5321\" class=\"elementor elementor-5321\" data-elementor-settings=\"{&quot;ha_cmc_init_switcher&quot;:&quot;no&quot;}\" data-elementor-post-type=\"page\">\n\t\t\t\t<div class=\"elementor-element elementor-element-e071cff e-flex e-con-boxed wpr-particle-no wpr-jarallax-no wpr-parallax-no wpr-sticky-section-no wpr-equal-height-no e-con e-parent\" data-id=\"e071cff\" data-element_type=\"container\" data-e-type=\"container\" data-settings=\"{&quot;background_background&quot;:&quot;classic&quot;,&quot;_ha_eqh_enable&quot;:false}\">\n\t\t\t\t\t<div class=\"e-con-inner\">\n\t\t\t\t<div class=\"elementor-element elementor-element-74d2fded elementor-widget elementor-widget-heading\" data-id=\"74d2fded\" data-element_type=\"widget\" data-e-type=\"widget\" data-widget_type=\"heading.default\">\n\t\t\t\t<div class=\"elementor-widget-container\">\n\t\t\t\t\t<h1 class=\"elementor-heading-title elementor-size-default\">Comit\u00e9 des emplois<\/h1>\t\t\t\t<\/div>\n\t\t\t\t<\/div>\n\t\t\t\t\t<\/div>\n\t\t\t\t<\/div>\n\t\t<div class=\"elementor-element elementor-element-2fecc602 e-con-full e-flex wpr-particle-no wpr-jarallax-no wpr-parallax-no wpr-sticky-section-no wpr-equal-height-no e-con e-parent\" data-id=\"2fecc602\" data-element_type=\"container\" data-e-type=\"container\" data-settings=\"{&quot;background_background&quot;:&quot;classic&quot;,&quot;_ha_eqh_enable&quot;:false}\">\n\t\t<div class=\"elementor-element elementor-element-7981c777 e-con-full e-flex wpr-particle-no wpr-jarallax-no wpr-parallax-no wpr-sticky-section-no wpr-equal-height-no e-con e-child\" data-id=\"7981c777\" data-element_type=\"container\" data-e-type=\"container\" data-settings=\"{&quot;_ha_eqh_enable&quot;:false}\">\n\t\t\t\t<div class=\"elementor-element elementor-element-3e8d8d78 elementor-flip-box--effect-fade elementor-widget__width-initial elementor-widget-tablet__width-initial elementor-widget-mobile__width-inherit elementor-widget elementor-widget-flip-box\" data-id=\"3e8d8d78\" data-element_type=\"widget\" data-e-type=\"widget\" data-widget_type=\"flip-box.default\">\n\t\t\t\t<div class=\"elementor-widget-container\">\n\t\t\t\t\t\t\t<div class=\"elementor-flip-box\" tabindex=\"0\">\n\t\t\t<div class=\"elementor-flip-box__layer elementor-flip-box__front\">\n\t\t\t\t<div class=\"elementor-flip-box__layer__overlay\">\n\t\t\t\t\t<div class=\"elementor-flip-box__layer__inner\">\n\t\t\t\t\t\t\t\t\t\t\t\t\t<div class=\"elementor-icon-wrapper elementor-view-default\">\n\t\t\t\t\t\t\t\t<div class=\"elementor-icon\">\n\t\t\t\t\t\t\t\t\t\t\t\t\t\t\t\t\t<\/div>\n\t\t\t\t\t\t\t<\/div>\n\t\t\t\t\t\t\n\t\t\t\t\t\t\n\t\t\t\t\t\t\t\t\t\t\t<\/div>\n\t\t\t\t<\/div>\n\t\t\t<\/div>\n\t\t\t<div class=\"elementor-flip-box__layer elementor-flip-box__back\">\n\t\t\t<div class=\"elementor-flip-box__layer__overlay\">\n\t\t\t\t<div class=\"elementor-flip-box__layer__inner\">\n\t\t\t\t\t\t\t\t\t\t\t<h3 class=\"elementor-flip-box__layer__title\">\n\t\t\t\t\t\t\tSonia Bureau\t\t\t\t\t\t<\/h3>\n\t\t\t\t\t\n\t\t\t\t\t\t\t\t\t\t\t<div class=\"elementor-flip-box__layer__description\">\n\t\t\t\t\t\t\tResponsable politique\t\t\t\t\t\t<\/div>\n\t\t\t\t\t\n\t\t\t\t\t\t\t\t<\/div>\n\t\t<\/div>\n\t\t<\/div>\n\t\t<\/div>\n\t\t\t\t\t\t<\/div>\n\t\t\t\t<\/div>\n\t\t\t\t<div class=\"elementor-element elementor-element-23ac8fc5 elementor-flip-box--effect-fade elementor-widget__width-initial elementor-widget-tablet__width-initial elementor-widget-mobile__width-inherit elementor-widget elementor-widget-flip-box\" data-id=\"23ac8fc5\" data-element_type=\"widget\" data-e-type=\"widget\" data-widget_type=\"flip-box.default\">\n\t\t\t\t<div class=\"elementor-widget-container\">\n\t\t\t\t\t\t\t<div class=\"elementor-flip-box\" tabindex=\"0\">\n\t\t\t<div class=\"elementor-flip-box__layer elementor-flip-box__front\">\n\t\t\t\t<div class=\"elementor-flip-box__layer__overlay\">\n\t\t\t\t\t<div class=\"elementor-flip-box__layer__inner\">\n\t\t\t\t\t\t\t\t\t\t\t\t\t<div class=\"elementor-icon-wrapper elementor-view-default\">\n\t\t\t\t\t\t\t\t<div class=\"elementor-icon\">\n\t\t\t\t\t\t\t\t\t\t\t\t\t\t\t\t\t<\/div>\n\t\t\t\t\t\t\t<\/div>\n\t\t\t\t\t\t\n\t\t\t\t\t\t\n\t\t\t\t\t\t\t\t\t\t\t<\/div>\n\t\t\t\t<\/div>\n\t\t\t<\/div>\n\t\t\t<div class=\"elementor-flip-box__layer elementor-flip-box__back\">\n\t\t\t<div class=\"elementor-flip-box__layer__overlay\">\n\t\t\t\t<div class=\"elementor-flip-box__layer__inner\">\n\t\t\t\t\t\t\t\t\t\t\t<h3 class=\"elementor-flip-box__layer__title\">\n\t\t\t\t\t\t\tPhilippe bouchard\t\t\t\t\t\t<\/h3>\n\t\t\t\t\t\n\t\t\t\t\t\t\t\t\t\t\t<div class=\"elementor-flip-box__layer__description\">\n\t\t\t\t\t\t\tMembre (section locale 2960)\t\t\t\t\t\t<\/div>\n\t\t\t\t\t\n\t\t\t\t\t\t\t\t<\/div>\n\t\t<\/div>\n\t\t<\/div>\n\t\t<\/div>\n\t\t\t\t\t\t<\/div>\n\t\t\t\t<\/div>\n\t\t\t\t<div class=\"elementor-element elementor-element-e839e62 elementor-flip-box--effect-fade elementor-widget__width-initial elementor-widget-tablet__width-initial elementor-widget-mobile__width-inherit elementor-widget elementor-widget-flip-box\" data-id=\"e839e62\" data-element_type=\"widget\" data-e-type=\"widget\" data-widget_type=\"flip-box.default\">\n\t\t\t\t<div class=\"elementor-widget-container\">\n\t\t\t\t\t\t\t<div class=\"elementor-flip-box\" tabindex=\"0\">\n\t\t\t<div class=\"elementor-flip-box__layer elementor-flip-box__front\">\n\t\t\t\t<div class=\"elementor-flip-box__layer__overlay\">\n\t\t\t\t\t<div class=\"elementor-flip-box__layer__inner\">\n\t\t\t\t\t\t\t\t\t\t\t\t\t<div class=\"elementor-icon-wrapper elementor-view-default\">\n\t\t\t\t\t\t\t\t<div class=\"elementor-icon\">\n\t\t\t\t\t\t\t\t\t\t\t\t\t\t\t\t\t<\/div>\n\t\t\t\t\t\t\t<\/div>\n\t\t\t\t\t\t\n\t\t\t\t\t\t\n\t\t\t\t\t\t\t\t\t\t\t<\/div>\n\t\t\t\t<\/div>\n\t\t\t<\/div>\n\t\t\t<div class=\"elementor-flip-box__layer elementor-flip-box__back\">\n\t\t\t<div class=\"elementor-flip-box__layer__overlay\">\n\t\t\t\t<div class=\"elementor-flip-box__layer__inner\">\n\t\t\t\t\t\t\t\t\t\t\t<h3 class=\"elementor-flip-box__layer__title\">\n\t\t\t\t\t\t\tPaola Vergara\t\t\t\t\t\t<\/h3>\n\t\t\t\t\t\n\t\t\t\t\t\t\t\t\t\t\t<div class=\"elementor-flip-box__layer__description\">\n\t\t\t\t\t\t\tMembre (section locale 5425)\t\t\t\t\t\t<\/div>\n\t\t\t\t\t\n\t\t\t\t\t\t\t\t<\/div>\n\t\t<\/div>\n\t\t<\/div>\n\t\t<\/div>\n\t\t\t\t\t\t<\/div>\n\t\t\t\t<\/div>\n\t\t\t\t<div class=\"elementor-element elementor-element-5da4ac0 elementor-flip-box--effect-fade elementor-widget__width-initial elementor-widget-tablet__width-initial elementor-widget-mobile__width-inherit elementor-widget elementor-widget-flip-box\" data-id=\"5da4ac0\" data-element_type=\"widget\" data-e-type=\"widget\" data-widget_type=\"flip-box.default\">\n\t\t\t\t<div class=\"elementor-widget-container\">\n\t\t\t\t\t\t\t<div class=\"elementor-flip-box\" tabindex=\"0\">\n\t\t\t<div class=\"elementor-flip-box__layer elementor-flip-box__front\">\n\t\t\t\t<div class=\"elementor-flip-box__layer__overlay\">\n\t\t\t\t\t<div class=\"elementor-flip-box__layer__inner\">\n\t\t\t\t\t\t\t\t\t\t\t\t\t<div class=\"elementor-icon-wrapper elementor-view-default\">\n\t\t\t\t\t\t\t\t<div class=\"elementor-icon\">\n\t\t\t\t\t\t\t\t\t\t\t\t\t\t\t\t\t<\/div>\n\t\t\t\t\t\t\t<\/div>\n\t\t\t\t\t\t\n\t\t\t\t\t\t\n\t\t\t\t\t\t\t\t\t\t\t<\/div>\n\t\t\t\t<\/div>\n\t\t\t<\/div>\n\t\t\t<div class=\"elementor-flip-box__layer elementor-flip-box__back\">\n\t\t\t<div class=\"elementor-flip-box__layer__overlay\">\n\t\t\t\t<div class=\"elementor-flip-box__layer__inner\">\n\t\t\t\t\t\t\t\t\t\t\t<h3 class=\"elementor-flip-box__layer__title\">\n\t\t\t\t\t\t\tDominique Girard\t\t\t\t\t\t<\/h3>\n\t\t\t\t\t\n\t\t\t\t\t\t\t\t\t\t\t<div class=\"elementor-flip-box__layer__description\">\n\t\t\t\t\t\t\tMembre (section locale 3247)\t\t\t\t\t\t<\/div>\n\t\t\t\t\t\n\t\t\t\t\t\t\t\t<\/div>\n\t\t<\/div>\n\t\t<\/div>\n\t\t<\/div>\n\t\t\t\t\t\t<\/div>\n\t\t\t\t<\/div>\n\t\t\t\t<\/div>\n\t\t<div class=\"elementor-element elementor-element-3a5fdea e-con-full e-flex wpr-particle-no wpr-jarallax-no wpr-parallax-no wpr-sticky-section-no wpr-equal-height-no e-con e-child\" data-id=\"3a5fdea\" data-element_type=\"container\" data-e-type=\"container\" data-settings=\"{&quot;_ha_eqh_enable&quot;:false}\">\n\t\t\t\t<div class=\"elementor-element elementor-element-fcd665c elementor-flip-box--effect-fade elementor-widget__width-initial elementor-widget-tablet__width-initial elementor-widget-mobile__width-inherit elementor-widget elementor-widget-flip-box\" data-id=\"fcd665c\" data-element_type=\"widget\" data-e-type=\"widget\" data-widget_type=\"flip-box.default\">\n\t\t\t\t<div class=\"elementor-widget-container\">\n\t\t\t\t\t\t\t<div class=\"elementor-flip-box\" tabindex=\"0\">\n\t\t\t<div class=\"elementor-flip-box__layer elementor-flip-box__front\">\n\t\t\t\t<div class=\"elementor-flip-box__layer__overlay\">\n\t\t\t\t\t<div class=\"elementor-flip-box__layer__inner\">\n\t\t\t\t\t\t\t\t\t\t\t\t\t<div class=\"elementor-icon-wrapper elementor-view-default\">\n\t\t\t\t\t\t\t\t<div class=\"elementor-icon\">\n\t\t\t\t\t\t\t\t\t\t\t\t\t\t\t\t\t<\/div>\n\t\t\t\t\t\t\t<\/div>\n\t\t\t\t\t\t\n\t\t\t\t\t\t\n\t\t\t\t\t\t\t\t\t\t\t<\/div>\n\t\t\t\t<\/div>\n\t\t\t<\/div>\n\t\t\t<div class=\"elementor-flip-box__layer elementor-flip-box__back\">\n\t\t\t<div class=\"elementor-flip-box__layer__overlay\">\n\t\t\t\t<div class=\"elementor-flip-box__layer__inner\">\n\t\t\t\t\t\t\t\t\t\t\t<h3 class=\"elementor-flip-box__layer__title\">\n\t\t\t\t\t\t\tM\u00e9lanie Gougeon\t\t\t\t\t\t<\/h3>\n\t\t\t\t\t\n\t\t\t\t\t\t\t\t\t\t\t<div class=\"elementor-flip-box__layer__description\">\n\t\t\t\t\t\t\tConseill\u00e8re syndicale\t\t\t\t\t\t<\/div>\n\t\t\t\t\t\n\t\t\t\t\t\t\t\t<\/div>\n\t\t<\/div>\n\t\t<\/div>\n\t\t<\/div>\n\t\t\t\t\t\t<\/div>\n\t\t\t\t<\/div>\n\t\t\t\t<\/div>\n\t\t\t\t<\/div>\n\t\t\t\t<\/div>\n\t\t","protected":false},"excerpt":{"rendered":"<p>Comit\u00e9 des emplois Sonia Bureau Responsable politique Philippe bouchard Membre (section locale 2960) Paola Vergara Membre (section locale 5425) Dominique Girard Membre (section locale 3247) M\u00e9lanie Gougeon Conseill\u00e8re syndicale<\/p>\n","protected":false},"author":1,"featured_media":0,"parent":0,"menu_order":0,"comment_status":"closed","ping_status":"closed","template":"","meta":{"_eb_attr":"","footnotes":""},"class_list":["post-5321","page","type-page","status-publish","hentry"],"yoast_head":"<!-- This site is optimized with the Yoast SEO Premium plugin v27.4 (Yoast SEO v27.4) - https:\/\/yoast.com\/product\/yoast-seo-premium-wordpress\/ -->\n<title>Comit\u00e9 nomenclature des titres d&#039;emplois - Conseil provincial des affaires sociales<\/title>\n<meta name=\"robots\" content=\"index, follow, max-snippet:-1, max-image-preview:large, max-video-preview:-1\" \/>\n<link rel=\"canonical\" href=\"https:\/\/cpas.scfp.qc.ca\/?page_id=5321\" \/>\n<meta property=\"og:locale\" content=\"fr_FR\" \/>\n<meta property=\"og:type\" content=\"article\" \/>\n<meta property=\"og:title\" content=\"Comit\u00e9 nomenclature des titres d&#039;emplois\" \/>\n<meta property=\"og:description\" content=\"Comit\u00e9 des emplois Sonia Bureau Responsable politique Philippe bouchard Membre (section locale 2960) Paola Vergara Membre (section locale 5425) Dominique Girard Membre (section locale 3247) M\u00e9lanie Gougeon Conseill\u00e8re syndicale\" \/>\n<meta property=\"og:url\" content=\"https:\/\/cpas.scfp.qc.ca\/?page_id=5321\" \/>\n<meta property=\"og:site_name\" content=\"Conseil provincial des affaires sociales\" \/>\n<meta property=\"article:publisher\" content=\"https:\/\/www.facebook.com\/cpas.scfp\" \/>\n<meta property=\"article:modified_time\" content=\"2025-10-16T20:42:52+00:00\" \/>\n<meta name=\"twitter:card\" content=\"summary_large_image\" \/>\n<meta name=\"twitter:site\" content=\"@RechercheCPAS\" \/>\n<meta name=\"twitter:label1\" content=\"Dur\u00e9e de lecture estim\u00e9e\" \/>\n\t<meta name=\"twitter:data1\" content=\"1 minute\" \/>\n<script type=\"application\/ld+json\" class=\"yoast-schema-graph\">{\"@context\":\"https:\\\/\\\/schema.org\",\"@graph\":[{\"@type\":\"WebPage\",\"@id\":\"https:\\\/\\\/cpas.scfp.qc.ca\\\/?page_id=5321\",\"url\":\"https:\\\/\\\/cpas.scfp.qc.ca\\\/?page_id=5321\",\"name\":\"Comit\u00e9 nomenclature des titres d'emplois - Conseil provincial des affaires sociales\",\"isPartOf\":{\"@id\":\"https:\\\/\\\/cpas.scfp.qc.ca\\\/#website\"},\"datePublished\":\"2024-01-25T20:49:38+00:00\",\"dateModified\":\"2025-10-16T20:42:52+00:00\",\"breadcrumb\":{\"@id\":\"https:\\\/\\\/cpas.scfp.qc.ca\\\/?page_id=5321#breadcrumb\"},\"inLanguage\":\"fr-FR\",\"potentialAction\":[{\"@type\":\"ReadAction\",\"target\":[\"https:\\\/\\\/cpas.scfp.qc.ca\\\/?page_id=5321\"]}]},{\"@type\":\"BreadcrumbList\",\"@id\":\"https:\\\/\\\/cpas.scfp.qc.ca\\\/?page_id=5321#breadcrumb\",\"itemListElement\":[{\"@type\":\"ListItem\",\"position\":1,\"name\":\"Accueil\",\"item\":\"https:\\\/\\\/cpas.scfp.qc.ca\\\/\"},{\"@type\":\"ListItem\",\"position\":2,\"name\":\"Comit\u00e9 nomenclature des titres d&#8217;emplois\"}]},{\"@type\":\"WebSite\",\"@id\":\"https:\\\/\\\/cpas.scfp.qc.ca\\\/#website\",\"url\":\"https:\\\/\\\/cpas.scfp.qc.ca\\\/\",\"name\":\"Conseil provincial des affaires sociales\",\"description\":\"Du m\u00e9tier et du c\u0153ur\",\"publisher\":{\"@id\":\"https:\\\/\\\/cpas.scfp.qc.ca\\\/#organization\"},\"alternateName\":\"CPAS\",\"potentialAction\":[{\"@type\":\"SearchAction\",\"target\":{\"@type\":\"EntryPoint\",\"urlTemplate\":\"https:\\\/\\\/cpas.scfp.qc.ca\\\/?s={search_term_string}\"},\"query-input\":{\"@type\":\"PropertyValueSpecification\",\"valueRequired\":true,\"valueName\":\"search_term_string\"}}],\"inLanguage\":\"fr-FR\"},{\"@type\":\"Organization\",\"@id\":\"https:\\\/\\\/cpas.scfp.qc.ca\\\/#organization\",\"name\":\"Conseil provincial des affaires sociales\",\"alternateName\":\"CPAS\",\"url\":\"https:\\\/\\\/cpas.scfp.qc.ca\\\/\",\"logo\":{\"@type\":\"ImageObject\",\"inLanguage\":\"fr-FR\",\"@id\":\"https:\\\/\\\/cpas.scfp.qc.ca\\\/#\\\/schema\\\/logo\\\/image\\\/\",\"url\":\"https:\\\/\\\/cpas.scfp.qc.ca\\\/wp-content\\\/uploads\\\/2023\\\/12\\\/logo_cpas_horizontalsignature_rgb.png\",\"contentUrl\":\"https:\\\/\\\/cpas.scfp.qc.ca\\\/wp-content\\\/uploads\\\/2023\\\/12\\\/logo_cpas_horizontalsignature_rgb.png\",\"width\":1980,\"height\":1980,\"caption\":\"Conseil provincial des affaires sociales\"},\"image\":{\"@id\":\"https:\\\/\\\/cpas.scfp.qc.ca\\\/#\\\/schema\\\/logo\\\/image\\\/\"},\"sameAs\":[\"https:\\\/\\\/www.facebook.com\\\/cpas.scfp\",\"https:\\\/\\\/x.com\\\/RechercheCPAS\",\"https:\\\/\\\/www.instagram.com\\\/cpas_scfp\\\/\",\"https:\\\/\\\/www.linkedin.com\\\/company\\\/100101794\\\/admin\\\/feed\\\/posts\\\/\",\"https:\\\/\\\/www.threads.com\\\/@cpas_scfp\",\"https:\\\/\\\/bsky.app\\\/profile\\\/cpas-scfp.bsky.social\",\"https:\\\/\\\/www.tiktok.com\\\/@cpasscfp\"],\"description\":\"Le Conseil provincial des affaires sociales (CPAS) rassemble plus de 35 000 travailleuses et travailleurs du secteur de la sant\u00e9 et des services sociaux syndiqu\u00e9s aupr\u00e8s du Syndicat canadien de la fonction publique (SCFP).\",\"email\":\"info@scfpcpas.ca\",\"telephone\":\"4384766448\",\"legalName\":\"Conseil provincial des affaires sociales\"}]}<\/script>\n<!-- \/ Yoast SEO Premium plugin. -->","yoast_head_json":{"title":"Comit\u00e9 nomenclature des titres d'emplois - Conseil provincial des affaires sociales","robots":{"index":"index","follow":"follow","max-snippet":"max-snippet:-1","max-image-preview":"max-image-preview:large","max-video-preview":"max-video-preview:-1"},"canonical":"https:\/\/cpas.scfp.qc.ca\/?page_id=5321","og_locale":"fr_FR","og_type":"article","og_title":"Comit\u00e9 nomenclature des titres d'emplois","og_description":"Comit\u00e9 des emplois Sonia Bureau Responsable politique Philippe bouchard Membre (section locale 2960) Paola Vergara Membre (section locale 5425) Dominique Girard Membre (section locale 3247) M\u00e9lanie Gougeon Conseill\u00e8re syndicale","og_url":"https:\/\/cpas.scfp.qc.ca\/?page_id=5321","og_site_name":"Conseil provincial des affaires sociales","article_publisher":"https:\/\/www.facebook.com\/cpas.scfp","article_modified_time":"2025-10-16T20:42:52+00:00","twitter_card":"summary_large_image","twitter_site":"@RechercheCPAS","twitter_misc":{"Dur\u00e9e de lecture estim\u00e9e":"1 minute"},"schema":{"@context":"https:\/\/schema.org","@graph":[{"@type":"WebPage","@id":"https:\/\/cpas.scfp.qc.ca\/?page_id=5321","url":"https:\/\/cpas.scfp.qc.ca\/?page_id=5321","name":"Comit\u00e9 nomenclature des titres d'emplois - Conseil provincial des affaires sociales","isPartOf":{"@id":"https:\/\/cpas.scfp.qc.ca\/#website"},"datePublished":"2024-01-25T20:49:38+00:00","dateModified":"2025-10-16T20:42:52+00:00","breadcrumb":{"@id":"https:\/\/cpas.scfp.qc.ca\/?page_id=5321#breadcrumb"},"inLanguage":"fr-FR","potentialAction":[{"@type":"ReadAction","target":["https:\/\/cpas.scfp.qc.ca\/?page_id=5321"]}]},{"@type":"BreadcrumbList","@id":"https:\/\/cpas.scfp.qc.ca\/?page_id=5321#breadcrumb","itemListElement":[{"@type":"ListItem","position":1,"name":"Accueil","item":"https:\/\/cpas.scfp.qc.ca\/"},{"@type":"ListItem","position":2,"name":"Comit\u00e9 nomenclature des titres d&#8217;emplois"}]},{"@type":"WebSite","@id":"https:\/\/cpas.scfp.qc.ca\/#website","url":"https:\/\/cpas.scfp.qc.ca\/","name":"Conseil provincial des affaires sociales","description":"Du m\u00e9tier et du c\u0153ur","publisher":{"@id":"https:\/\/cpas.scfp.qc.ca\/#organization"},"alternateName":"CPAS","potentialAction":[{"@type":"SearchAction","target":{"@type":"EntryPoint","urlTemplate":"https:\/\/cpas.scfp.qc.ca\/?s={search_term_string}"},"query-input":{"@type":"PropertyValueSpecification","valueRequired":true,"valueName":"search_term_string"}}],"inLanguage":"fr-FR"},{"@type":"Organization","@id":"https:\/\/cpas.scfp.qc.ca\/#organization","name":"Conseil provincial des affaires sociales","alternateName":"CPAS","url":"https:\/\/cpas.scfp.qc.ca\/","logo":{"@type":"ImageObject","inLanguage":"fr-FR","@id":"https:\/\/cpas.scfp.qc.ca\/#\/schema\/logo\/image\/","url":"https:\/\/cpas.scfp.qc.ca\/wp-content\/uploads\/2023\/12\/logo_cpas_horizontalsignature_rgb.png","contentUrl":"https:\/\/cpas.scfp.qc.ca\/wp-content\/uploads\/2023\/12\/logo_cpas_horizontalsignature_rgb.png","width":1980,"height":1980,"caption":"Conseil provincial des affaires sociales"},"image":{"@id":"https:\/\/cpas.scfp.qc.ca\/#\/schema\/logo\/image\/"},"sameAs":["https:\/\/www.facebook.com\/cpas.scfp","https:\/\/x.com\/RechercheCPAS","https:\/\/www.instagram.com\/cpas_scfp\/","https:\/\/www.linkedin.com\/company\/100101794\/admin\/feed\/posts\/","https:\/\/www.threads.com\/@cpas_scfp","https:\/\/bsky.app\/profile\/cpas-scfp.bsky.social","https:\/\/www.tiktok.com\/@cpasscfp"],"description":"Le Conseil provincial des affaires sociales (CPAS) rassemble plus de 35 000 travailleuses et travailleurs du secteur de la sant\u00e9 et des services sociaux syndiqu\u00e9s aupr\u00e8s du Syndicat canadien de la fonction publique (SCFP).","email":"info@scfpcpas.ca","telephone":"4384766448","legalName":"Conseil provincial des affaires sociales"}]}},"jetpack_sharing_enabled":true,"_links":{"self":[{"href":"https:\/\/cpas.scfp.qc.ca\/index.php?rest_route=\/wp\/v2\/pages\/5321","targetHints":{"allow":["GET"]}}],"collection":[{"href":"https:\/\/cpas.scfp.qc.ca\/index.php?rest_route=\/wp\/v2\/pages"}],"about":[{"href":"https:\/\/cpas.scfp.qc.ca\/index.php?rest_route=\/wp\/v2\/types\/page"}],"author":[{"embeddable":true,"href":"https:\/\/cpas.scfp.qc.ca\/index.php?rest_route=\/wp\/v2\/users\/1"}],"replies":[{"embeddable":true,"href":"https:\/\/cpas.scfp.qc.ca\/index.php?rest_route=%2Fwp%2Fv2%2Fcomments&post=5321"}],"version-history":[{"count":29,"href":"https:\/\/cpas.scfp.qc.ca\/index.php?rest_route=\/wp\/v2\/pages\/5321\/revisions"}],"predecessor-version":[{"id":6751,"href":"https:\/\/cpas.scfp.qc.ca\/index.php?rest_route=\/wp\/v2\/pages\/5321\/revisions\/6751"}],"wp:attachment":[{"href":"https:\/\/cpas.scfp.qc.ca\/index.php?rest_route=%2Fwp%2Fv2%2Fmedia&parent=5321"}],"curies":[{"name":"wp","href":"https:\/\/api.w.org\/{rel}","templated":true}]}}