{"id":5037,"date":"2024-01-24T13:35:05","date_gmt":"2024-01-24T18:35:05","guid":{"rendered":"https:\/\/cpas.scfp.qc.ca\/?page_id=5037"},"modified":"2024-01-24T14:38:35","modified_gmt":"2024-01-24T19:38:35","slug":"elementor-5037","status":"publish","type":"page","link":"https:\/\/cpas.scfp.qc.ca\/?page_id=5037","title":{"rendered":"Politique de confidentialit\u00e9"},"content":{"rendered":"\t\t<div data-elementor-type=\"wp-page\" data-elementor-id=\"5037\" class=\"elementor elementor-5037\" data-elementor-settings=\"{&quot;ha_cmc_init_switcher&quot;:&quot;no&quot;}\" data-elementor-post-type=\"page\">\n\t\t\t\t<div class=\"elementor-element elementor-element-4f4dcef e-flex e-con-boxed wpr-particle-no wpr-jarallax-no wpr-parallax-no wpr-sticky-section-no wpr-equal-height-no e-con e-parent\" data-id=\"4f4dcef\" data-element_type=\"container\" data-e-type=\"container\" data-settings=\"{&quot;background_background&quot;:&quot;classic&quot;,&quot;_ha_eqh_enable&quot;:false}\">\n\t\t\t\t\t<div class=\"e-con-inner\">\n\t\t\t\t<div class=\"elementor-element elementor-element-9160d8e elementor-widget elementor-widget-heading\" data-id=\"9160d8e\" data-element_type=\"widget\" data-e-type=\"widget\" data-widget_type=\"heading.default\">\n\t\t\t\t<div class=\"elementor-widget-container\">\n\t\t\t\t\t<h2 class=\"elementor-heading-title elementor-size-default\">Politique de confidentialit\u00e9<\/h2>\t\t\t\t<\/div>\n\t\t\t\t<\/div>\n\t\t\t\t\t<\/div>\n\t\t\t\t<\/div>\n\t\t<div class=\"elementor-element elementor-element-9c49bd6 e-flex e-con-boxed wpr-particle-no wpr-jarallax-no wpr-parallax-no wpr-sticky-section-no wpr-equal-height-no e-con e-parent\" data-id=\"9c49bd6\" data-element_type=\"container\" data-e-type=\"container\" data-settings=\"{&quot;_ha_eqh_enable&quot;:false}\">\n\t\t\t\t\t<div class=\"e-con-inner\">\n\t\t\t\t<div class=\"elementor-element elementor-element-4fa98eb elementor-widget elementor-widget-text-editor\" data-id=\"4fa98eb\" data-element_type=\"widget\" data-e-type=\"widget\" data-widget_type=\"text-editor.default\">\n\t\t\t\t<div class=\"elementor-widget-container\">\n\t\t\t\t\t\t\t\t\t<p class=\"font_8 wixui-rich-text__text\"><span class=\"color_14 wixui-rich-text__text\">Au Qu\u00e9bec, le droit \u00e0 l\u2019information et au respect de la vie priv\u00e9e est inscrit dans la Charte des droits et libert\u00e9s de la personne et r\u00e9gi principalement par le Code Civil du Qu\u00e9bec, la Loi sur l\u2019acc\u00e8s aux documents des organismes publics et sur la protection des renseignements personnels et enfin, par la Loi sur la protection des renseignements personnels dans le secteur priv\u00e9. Les principes fondamentaux \u00e9tablis par ces lois s\u2019appliquent \u00e9galement aux communications \u00e9lectroniques. En cons\u00e9quence, le site Web du CPAS n\u2019ins\u00e8re aucun mouchard (ou cookie) dans les ordinateurs de ses visiteurs et aucun renseignement personnel n\u2019est recueilli sans consentement pr\u00e9alable de l\u2019internaute. L\u2019information que vous nous transmettez par courriel n\u2019est utilis\u00e9e que pour r\u00e9pondre \u00e0 votre message et permettre d\u2019y donner suite. Aucun renseignement personnel n\u2019est communiqu\u00e9 \u00e0 un tiers, quel qu\u2019il soit.<\/span><\/p><p class=\"font_8 wixui-rich-text__text\"><span class=\"color_14 wixui-rich-text__text\"><span class=\"wixGuard wixui-rich-text__text\">\u200b<\/span><\/span><\/p><p class=\"font_8 wixui-rich-text__text\"><span class=\"color_14 wixui-rich-text__text\">Au Qu\u00e9bec, le droit \u00e0 l\u2019information et au respect de la vie priv\u00e9e est inscrit dans la Charte des droits et libert\u00e9s de la personne et r\u00e9gi principalement par le Code Civil du Qu\u00e9bec, la Loi sur l\u2019acc\u00e8s aux documents des organismes publics et sur la protection des renseignements personnels et enfin, par la Loi sur la protection des renseignements personnels dans le secteur priv\u00e9. Les principes fondamentaux \u00e9tablis par ces lois s\u2019appliquent \u00e9galement aux communications \u00e9lectroniques. En cons\u00e9quence, le site Web du CPAS n\u2019ins\u00e8re aucun mouchard (ou cookie) dans les ordinateurs de ses visiteurs et aucun renseignement personnel n\u2019est recueilli sans consentement pr\u00e9alable de l\u2019internaute. L\u2019information que vous nous transmettez par courriel n\u2019est utilis\u00e9e que pour r\u00e9pondre \u00e0 votre message et permettre d\u2019y donner suite. Aucun renseignement personnel n\u2019est communiqu\u00e9 \u00e0 un tiers, quel qu\u2019il soit.<\/span><\/p>\t\t\t\t\t\t\t\t<\/div>\n\t\t\t\t<\/div>\n\t\t\t\t\t<\/div>\n\t\t\t\t<\/div>\n\t\t\t\t<\/div>\n\t\t","protected":false},"excerpt":{"rendered":"<p>Politique de confidentialit\u00e9 Au Qu\u00e9bec, le droit \u00e0 l\u2019information et au respect de la vie priv\u00e9e est inscrit dans la Charte des droits et libert\u00e9s de la personne et r\u00e9gi principalement par le Code Civil du Qu\u00e9bec, la Loi sur l\u2019acc\u00e8s aux documents des organismes publics et sur la protection des renseignements personnels et enfin, par la Loi sur la protection des renseignements personnels dans le secteur priv\u00e9. Les principes fondamentaux \u00e9tablis par ces lois s\u2019appliquent \u00e9galement aux communications \u00e9lectroniques. En cons\u00e9quence, le site Web du CPAS n\u2019ins\u00e8re aucun mouchard (ou cookie) dans les ordinateurs de ses visiteurs et aucun renseignement personnel n\u2019est recueilli sans consentement pr\u00e9alable de l\u2019internaute. L\u2019information que vous nous transmettez par courriel n\u2019est utilis\u00e9e que pour r\u00e9pondre \u00e0 votre message et permettre d\u2019y donner suite. Aucun renseignement personnel n\u2019est communiqu\u00e9 \u00e0 un tiers, quel qu\u2019il soit. \u200b Au Qu\u00e9bec, le droit \u00e0 l\u2019information et au respect de la vie priv\u00e9e est inscrit dans la Charte des droits et libert\u00e9s de la personne et r\u00e9gi principalement par le Code Civil du Qu\u00e9bec, la Loi sur l\u2019acc\u00e8s aux documents des organismes publics et sur la protection des renseignements personnels et enfin, par la Loi sur la protection des renseignements personnels dans le secteur priv\u00e9. Les principes fondamentaux \u00e9tablis par ces lois s\u2019appliquent \u00e9galement aux communications \u00e9lectroniques. En cons\u00e9quence, le site Web du CPAS n\u2019ins\u00e8re aucun mouchard (ou cookie) dans les ordinateurs de ses visiteurs et aucun renseignement personnel n\u2019est recueilli sans consentement pr\u00e9alable de l\u2019internaute. L\u2019information que vous nous transmettez par courriel n\u2019est utilis\u00e9e que pour r\u00e9pondre \u00e0 votre message et permettre d\u2019y donner suite. Aucun renseignement personnel n\u2019est communiqu\u00e9 \u00e0 un tiers, quel qu\u2019il soit.<\/p>\n","protected":false},"author":1,"featured_media":0,"parent":0,"menu_order":0,"comment_status":"closed","ping_status":"closed","template":"","meta":{"_eb_attr":"","footnotes":""},"class_list":["post-5037","page","type-page","status-publish","hentry"],"yoast_head":"<!-- This site is optimized with the Yoast SEO Premium plugin v27.5 (Yoast SEO v27.5) - https:\/\/yoast.com\/product\/yoast-seo-premium-wordpress\/ -->\n<title>Politique de confidentialit\u00e9 - Conseil provincial des affaires sociales<\/title>\n<meta name=\"robots\" content=\"index, follow, max-snippet:-1, max-image-preview:large, max-video-preview:-1\" \/>\n<link rel=\"canonical\" href=\"https:\/\/cpas.scfp.qc.ca\/?page_id=5037\" \/>\n<meta property=\"og:locale\" content=\"fr_FR\" \/>\n<meta property=\"og:type\" content=\"article\" \/>\n<meta property=\"og:title\" content=\"Politique de confidentialit\u00e9\" \/>\n<meta property=\"og:description\" content=\"Politique de confidentialit\u00e9 Au Qu\u00e9bec, le droit \u00e0 l\u2019information et au respect de la vie priv\u00e9e est inscrit dans la Charte des droits et libert\u00e9s de la personne et r\u00e9gi principalement par le Code Civil du Qu\u00e9bec, la Loi sur l\u2019acc\u00e8s aux documents des organismes publics et sur la protection des renseignements personnels et enfin, par la Loi sur la protection des renseignements personnels dans le secteur priv\u00e9. Les principes fondamentaux \u00e9tablis par ces lois s\u2019appliquent \u00e9galement aux communications \u00e9lectroniques. En cons\u00e9quence, le site Web du CPAS n\u2019ins\u00e8re aucun mouchard (ou cookie) dans les ordinateurs de ses visiteurs et aucun renseignement personnel n\u2019est recueilli sans consentement pr\u00e9alable de l\u2019internaute. L\u2019information que vous nous transmettez par courriel n\u2019est utilis\u00e9e que pour r\u00e9pondre \u00e0 votre message et permettre d\u2019y donner suite. Aucun renseignement personnel n\u2019est communiqu\u00e9 \u00e0 un tiers, quel qu\u2019il soit. \u200b Au Qu\u00e9bec, le droit \u00e0 l\u2019information et au respect de la vie priv\u00e9e est inscrit dans la Charte des droits et libert\u00e9s de la personne et r\u00e9gi principalement par le Code Civil du Qu\u00e9bec, la Loi sur l\u2019acc\u00e8s aux documents des organismes publics et sur la protection des renseignements personnels et enfin, par la Loi sur la protection des renseignements personnels dans le secteur priv\u00e9. Les principes fondamentaux \u00e9tablis par ces lois s\u2019appliquent \u00e9galement aux communications \u00e9lectroniques. En cons\u00e9quence, le site Web du CPAS n\u2019ins\u00e8re aucun mouchard (ou cookie) dans les ordinateurs de ses visiteurs et aucun renseignement personnel n\u2019est recueilli sans consentement pr\u00e9alable de l\u2019internaute. L\u2019information que vous nous transmettez par courriel n\u2019est utilis\u00e9e que pour r\u00e9pondre \u00e0 votre message et permettre d\u2019y donner suite. Aucun renseignement personnel n\u2019est communiqu\u00e9 \u00e0 un tiers, quel qu\u2019il soit.\" \/>\n<meta property=\"og:url\" content=\"https:\/\/cpas.scfp.qc.ca\/?page_id=5037\" \/>\n<meta property=\"og:site_name\" content=\"Conseil provincial des affaires sociales\" \/>\n<meta property=\"article:publisher\" content=\"https:\/\/www.facebook.com\/cpas.scfp\" \/>\n<meta property=\"article:modified_time\" content=\"2024-01-24T19:38:35+00:00\" \/>\n<meta name=\"twitter:card\" content=\"summary_large_image\" \/>\n<meta name=\"twitter:site\" content=\"@RechercheCPAS\" \/>\n<meta name=\"twitter:label1\" content=\"Dur\u00e9e de lecture estim\u00e9e\" \/>\n\t<meta name=\"twitter:data1\" content=\"2 minutes\" \/>\n<script type=\"application\/ld+json\" class=\"yoast-schema-graph\">{\"@context\":\"https:\\\/\\\/schema.org\",\"@graph\":[{\"@type\":\"WebPage\",\"@id\":\"https:\\\/\\\/cpas.scfp.qc.ca\\\/?page_id=5037\",\"url\":\"https:\\\/\\\/cpas.scfp.qc.ca\\\/?page_id=5037\",\"name\":\"Politique de confidentialit\u00e9 - Conseil provincial des affaires sociales\",\"isPartOf\":{\"@id\":\"https:\\\/\\\/cpas.scfp.qc.ca\\\/#website\"},\"datePublished\":\"2024-01-24T18:35:05+00:00\",\"dateModified\":\"2024-01-24T19:38:35+00:00\",\"breadcrumb\":{\"@id\":\"https:\\\/\\\/cpas.scfp.qc.ca\\\/?page_id=5037#breadcrumb\"},\"inLanguage\":\"fr-FR\",\"potentialAction\":[{\"@type\":\"ReadAction\",\"target\":[\"https:\\\/\\\/cpas.scfp.qc.ca\\\/?page_id=5037\"]}]},{\"@type\":\"BreadcrumbList\",\"@id\":\"https:\\\/\\\/cpas.scfp.qc.ca\\\/?page_id=5037#breadcrumb\",\"itemListElement\":[{\"@type\":\"ListItem\",\"position\":1,\"name\":\"Accueil\",\"item\":\"https:\\\/\\\/cpas.scfp.qc.ca\\\/\"},{\"@type\":\"ListItem\",\"position\":2,\"name\":\"Politique de confidentialit\u00e9\"}]},{\"@type\":\"WebSite\",\"@id\":\"https:\\\/\\\/cpas.scfp.qc.ca\\\/#website\",\"url\":\"https:\\\/\\\/cpas.scfp.qc.ca\\\/\",\"name\":\"Conseil provincial des affaires sociales\",\"description\":\"Du m\u00e9tier et du c\u0153ur\",\"publisher\":{\"@id\":\"https:\\\/\\\/cpas.scfp.qc.ca\\\/#organization\"},\"alternateName\":\"CPAS\",\"potentialAction\":[{\"@type\":\"SearchAction\",\"target\":{\"@type\":\"EntryPoint\",\"urlTemplate\":\"https:\\\/\\\/cpas.scfp.qc.ca\\\/?s={search_term_string}\"},\"query-input\":{\"@type\":\"PropertyValueSpecification\",\"valueRequired\":true,\"valueName\":\"search_term_string\"}}],\"inLanguage\":\"fr-FR\"},{\"@type\":\"Organization\",\"@id\":\"https:\\\/\\\/cpas.scfp.qc.ca\\\/#organization\",\"name\":\"Conseil provincial des affaires sociales\",\"alternateName\":\"CPAS\",\"url\":\"https:\\\/\\\/cpas.scfp.qc.ca\\\/\",\"logo\":{\"@type\":\"ImageObject\",\"inLanguage\":\"fr-FR\",\"@id\":\"https:\\\/\\\/cpas.scfp.qc.ca\\\/#\\\/schema\\\/logo\\\/image\\\/\",\"url\":\"https:\\\/\\\/cpas.scfp.qc.ca\\\/wp-content\\\/uploads\\\/2023\\\/12\\\/logo_cpas_horizontalsignature_rgb.png\",\"contentUrl\":\"https:\\\/\\\/cpas.scfp.qc.ca\\\/wp-content\\\/uploads\\\/2023\\\/12\\\/logo_cpas_horizontalsignature_rgb.png\",\"width\":1980,\"height\":1980,\"caption\":\"Conseil provincial des affaires sociales\"},\"image\":{\"@id\":\"https:\\\/\\\/cpas.scfp.qc.ca\\\/#\\\/schema\\\/logo\\\/image\\\/\"},\"sameAs\":[\"https:\\\/\\\/www.facebook.com\\\/cpas.scfp\",\"https:\\\/\\\/x.com\\\/RechercheCPAS\",\"https:\\\/\\\/www.instagram.com\\\/cpas_scfp\\\/\",\"https:\\\/\\\/www.linkedin.com\\\/company\\\/100101794\\\/admin\\\/feed\\\/posts\\\/\",\"https:\\\/\\\/www.threads.com\\\/@cpas_scfp\",\"https:\\\/\\\/bsky.app\\\/profile\\\/cpas-scfp.bsky.social\",\"https:\\\/\\\/www.tiktok.com\\\/@cpasscfp\"],\"description\":\"Le Conseil provincial des affaires sociales (CPAS) rassemble plus de 35 000 travailleuses et travailleurs du secteur de la sant\u00e9 et des services sociaux syndiqu\u00e9s aupr\u00e8s du Syndicat canadien de la fonction publique (SCFP).\",\"email\":\"info@scfpcpas.ca\",\"telephone\":\"4384766448\",\"legalName\":\"Conseil provincial des affaires sociales\"}]}<\/script>\n<!-- \/ Yoast SEO Premium plugin. -->","yoast_head_json":{"title":"Politique de confidentialit\u00e9 - Conseil provincial des affaires sociales","robots":{"index":"index","follow":"follow","max-snippet":"max-snippet:-1","max-image-preview":"max-image-preview:large","max-video-preview":"max-video-preview:-1"},"canonical":"https:\/\/cpas.scfp.qc.ca\/?page_id=5037","og_locale":"fr_FR","og_type":"article","og_title":"Politique de confidentialit\u00e9","og_description":"Politique de confidentialit\u00e9 Au Qu\u00e9bec, le droit \u00e0 l\u2019information et au respect de la vie priv\u00e9e est inscrit dans la Charte des droits et libert\u00e9s de la personne et r\u00e9gi principalement par le Code Civil du Qu\u00e9bec, la Loi sur l\u2019acc\u00e8s aux documents des organismes publics et sur la protection des renseignements personnels et enfin, par la Loi sur la protection des renseignements personnels dans le secteur priv\u00e9. Les principes fondamentaux \u00e9tablis par ces lois s\u2019appliquent \u00e9galement aux communications \u00e9lectroniques. En cons\u00e9quence, le site Web du CPAS n\u2019ins\u00e8re aucun mouchard (ou cookie) dans les ordinateurs de ses visiteurs et aucun renseignement personnel n\u2019est recueilli sans consentement pr\u00e9alable de l\u2019internaute. L\u2019information que vous nous transmettez par courriel n\u2019est utilis\u00e9e que pour r\u00e9pondre \u00e0 votre message et permettre d\u2019y donner suite. Aucun renseignement personnel n\u2019est communiqu\u00e9 \u00e0 un tiers, quel qu\u2019il soit. \u200b Au Qu\u00e9bec, le droit \u00e0 l\u2019information et au respect de la vie priv\u00e9e est inscrit dans la Charte des droits et libert\u00e9s de la personne et r\u00e9gi principalement par le Code Civil du Qu\u00e9bec, la Loi sur l\u2019acc\u00e8s aux documents des organismes publics et sur la protection des renseignements personnels et enfin, par la Loi sur la protection des renseignements personnels dans le secteur priv\u00e9. Les principes fondamentaux \u00e9tablis par ces lois s\u2019appliquent \u00e9galement aux communications \u00e9lectroniques. En cons\u00e9quence, le site Web du CPAS n\u2019ins\u00e8re aucun mouchard (ou cookie) dans les ordinateurs de ses visiteurs et aucun renseignement personnel n\u2019est recueilli sans consentement pr\u00e9alable de l\u2019internaute. L\u2019information que vous nous transmettez par courriel n\u2019est utilis\u00e9e que pour r\u00e9pondre \u00e0 votre message et permettre d\u2019y donner suite. Aucun renseignement personnel n\u2019est communiqu\u00e9 \u00e0 un tiers, quel qu\u2019il soit.","og_url":"https:\/\/cpas.scfp.qc.ca\/?page_id=5037","og_site_name":"Conseil provincial des affaires sociales","article_publisher":"https:\/\/www.facebook.com\/cpas.scfp","article_modified_time":"2024-01-24T19:38:35+00:00","twitter_card":"summary_large_image","twitter_site":"@RechercheCPAS","twitter_misc":{"Dur\u00e9e de lecture estim\u00e9e":"2 minutes"},"schema":{"@context":"https:\/\/schema.org","@graph":[{"@type":"WebPage","@id":"https:\/\/cpas.scfp.qc.ca\/?page_id=5037","url":"https:\/\/cpas.scfp.qc.ca\/?page_id=5037","name":"Politique de confidentialit\u00e9 - Conseil provincial des affaires sociales","isPartOf":{"@id":"https:\/\/cpas.scfp.qc.ca\/#website"},"datePublished":"2024-01-24T18:35:05+00:00","dateModified":"2024-01-24T19:38:35+00:00","breadcrumb":{"@id":"https:\/\/cpas.scfp.qc.ca\/?page_id=5037#breadcrumb"},"inLanguage":"fr-FR","potentialAction":[{"@type":"ReadAction","target":["https:\/\/cpas.scfp.qc.ca\/?page_id=5037"]}]},{"@type":"BreadcrumbList","@id":"https:\/\/cpas.scfp.qc.ca\/?page_id=5037#breadcrumb","itemListElement":[{"@type":"ListItem","position":1,"name":"Accueil","item":"https:\/\/cpas.scfp.qc.ca\/"},{"@type":"ListItem","position":2,"name":"Politique de confidentialit\u00e9"}]},{"@type":"WebSite","@id":"https:\/\/cpas.scfp.qc.ca\/#website","url":"https:\/\/cpas.scfp.qc.ca\/","name":"Conseil provincial des affaires sociales","description":"Du m\u00e9tier et du c\u0153ur","publisher":{"@id":"https:\/\/cpas.scfp.qc.ca\/#organization"},"alternateName":"CPAS","potentialAction":[{"@type":"SearchAction","target":{"@type":"EntryPoint","urlTemplate":"https:\/\/cpas.scfp.qc.ca\/?s={search_term_string}"},"query-input":{"@type":"PropertyValueSpecification","valueRequired":true,"valueName":"search_term_string"}}],"inLanguage":"fr-FR"},{"@type":"Organization","@id":"https:\/\/cpas.scfp.qc.ca\/#organization","name":"Conseil provincial des affaires sociales","alternateName":"CPAS","url":"https:\/\/cpas.scfp.qc.ca\/","logo":{"@type":"ImageObject","inLanguage":"fr-FR","@id":"https:\/\/cpas.scfp.qc.ca\/#\/schema\/logo\/image\/","url":"https:\/\/cpas.scfp.qc.ca\/wp-content\/uploads\/2023\/12\/logo_cpas_horizontalsignature_rgb.png","contentUrl":"https:\/\/cpas.scfp.qc.ca\/wp-content\/uploads\/2023\/12\/logo_cpas_horizontalsignature_rgb.png","width":1980,"height":1980,"caption":"Conseil provincial des affaires sociales"},"image":{"@id":"https:\/\/cpas.scfp.qc.ca\/#\/schema\/logo\/image\/"},"sameAs":["https:\/\/www.facebook.com\/cpas.scfp","https:\/\/x.com\/RechercheCPAS","https:\/\/www.instagram.com\/cpas_scfp\/","https:\/\/www.linkedin.com\/company\/100101794\/admin\/feed\/posts\/","https:\/\/www.threads.com\/@cpas_scfp","https:\/\/bsky.app\/profile\/cpas-scfp.bsky.social","https:\/\/www.tiktok.com\/@cpasscfp"],"description":"Le Conseil provincial des affaires sociales (CPAS) rassemble plus de 35 000 travailleuses et travailleurs du secteur de la sant\u00e9 et des services sociaux syndiqu\u00e9s aupr\u00e8s du Syndicat canadien de la fonction publique (SCFP).","email":"info@scfpcpas.ca","telephone":"4384766448","legalName":"Conseil provincial des affaires sociales"}]}},"jetpack_sharing_enabled":true,"_links":{"self":[{"href":"https:\/\/cpas.scfp.qc.ca\/index.php?rest_route=\/wp\/v2\/pages\/5037","targetHints":{"allow":["GET"]}}],"collection":[{"href":"https:\/\/cpas.scfp.qc.ca\/index.php?rest_route=\/wp\/v2\/pages"}],"about":[{"href":"https:\/\/cpas.scfp.qc.ca\/index.php?rest_route=\/wp\/v2\/types\/page"}],"author":[{"embeddable":true,"href":"https:\/\/cpas.scfp.qc.ca\/index.php?rest_route=\/wp\/v2\/users\/1"}],"replies":[{"embeddable":true,"href":"https:\/\/cpas.scfp.qc.ca\/index.php?rest_route=%2Fwp%2Fv2%2Fcomments&post=5037"}],"version-history":[{"count":8,"href":"https:\/\/cpas.scfp.qc.ca\/index.php?rest_route=\/wp\/v2\/pages\/5037\/revisions"}],"predecessor-version":[{"id":5088,"href":"https:\/\/cpas.scfp.qc.ca\/index.php?rest_route=\/wp\/v2\/pages\/5037\/revisions\/5088"}],"wp:attachment":[{"href":"https:\/\/cpas.scfp.qc.ca\/index.php?rest_route=%2Fwp%2Fv2%2Fmedia&parent=5037"}],"curies":[{"name":"wp","href":"https:\/\/api.w.org\/{rel}","templated":true}]}}